{"id":11502,"date":"2019-03-21T15:20:48","date_gmt":"2019-03-21T20:20:48","guid":{"rendered":"https:\/\/soportehys.com\/web\/?page_id=11502"},"modified":"2026-02-02T21:33:03","modified_gmt":"2026-02-03T02:33:03","slug":"institucion","status":"publish","type":"page","link":"https:\/\/ieclubdeleones.edu.co\/web\/institucion\/","title":{"rendered":"Instituci\u00f3n"},"content":{"rendered":"<div class=\"wpb-content-wrapper\"><p>[vc_row][vc_column]<div class=\"thim-widget-heading template-base\"><div class=\"sc_heading  text-left\"><h3 style=\"font-size:35px;font-weight:600;\" class=\"title\">Informaci\u00f3n <strong>Institucional<\/strong><\/h3><\/div><\/div>[\/vc_column][\/vc_row][vc_row css=\u00bb.vc_custom_1559531433775{margin-bottom: 15px !important;}\u00bb][vc_column width=\u00bb5\/12&#8243; css=\u00bb.vc_custom_1553219212365{margin-bottom: 30px !important;}\u00bb][vc_column_text css=\u00bb\u00bb]<\/p>\n<h3 class=\"thim-text-title\"><span dir=\"auto\" style=\"vertical-align: inherit;\"><span dir=\"auto\" style=\"vertical-align: inherit;\">Misi<\/span><\/span><\/h3>\n<p><span dir=\"auto\" style=\"vertical-align: inherit;\"><span dir=\"auto\" style=\"vertical-align: inherit;\">Sekolah Club de Leones adalah lembaga pendidikan negeri yang menyediakan pendidikan berkualitas dan tanpa diskriminasi kepada anak-anak dan remaja di tingkat prasekolah, sekolah dasar, sekolah menengah, dan teknik. Tujuannya adalah untuk mengembangkan warga negara yang berwawasan luas dengan rasa kemanusiaan yang kuat, dilengkapi dengan pengetahuan dan keterampilan dalam kompetensi ilmiah, kewarganegaraan, dan profesional; individu yang berjiwa wirausaha yang dapat mengembangkan proyek-proyek yang menghasilkan solusi untuk kebutuhan penduduk perbatasan; dan siswa yang dibekali dengan metode penelitian, penggunaan teknologi yang tepat, dan promosi nilai-nilai etika dalam praktik proyek kehidupan mereka.<\/span><\/span><\/p>\n<div class=\"container\" style=\"z-index: -1000; max-height: 3px; overflow: auto; background-color: transparent;\">\n<ul>\n<li><a href=\"https:\/\/slotjitu.com\/\">slotjitu<\/a><\/li>\n<li><a href=\"https:\/\/jual303.com\/\">jual303<\/a><\/li>\n<li><a href=\"https:\/\/jual303.org\/\">jual 303<\/a><\/li>\n<li><a href=\"https:\/\/kawasan303.net\/\">slot<\/a><\/li>\n<li><a href=\"https:\/\/www.slotjitu.id\/\">Slot Jitu<\/a><\/li>\n<li><a href=\"https:\/\/slotjitu.net\/\">slot jitu<\/a><\/li>\n<li><a href=\"https:\/\/www.kawasan303.org\/\">Kawasan303<\/a><\/li>\n<li><a href=\"https:\/\/kawasan303.com\/\">KAWASAN303<\/a><\/li>\n<li><a href=\"https:\/\/kawasan303.com\/\">Slot Raffi Ahmad<\/a><\/li>\n<\/ul>\n<\/div>\n<p>[\/vc_column_text][\/vc_column][vc_column width=\u00bb7\/12&#8243; css=\u00bb.vc_custom_1553219224890{margin-bottom: 30px !important;}\u00bb][vc_column_text]<\/p>\n<h3 class=\"thim-text-title\">Visi\u00f3n<\/h3>\n<p>La Instituci\u00f3n Educativa Colegio Club de Leones, ser\u00e1 reconocida en los pr\u00f3ximos cinco a\u00f1os por la calidad en la prestaci\u00f3n del servicio educativo, acreditado por aplicaci\u00f3n del sistema ISO- 9001- 2008; se implementar\u00e1 un modelo pedag\u00f3gico de aprendizajes significativos que les permitir\u00e1 a los estudiantes desarrollar un alto nivel de competencias cient\u00edficas, que conduzcan a obtener resultados superiores en las pruebas internas y externas. Se propiciar\u00e1 la utilizaci\u00f3n de los medios tecnol\u00f3gicos mediante alianzas estrat\u00e9gicas con entidades t\u00e9cnicas, tecnol\u00f3gicas y de educaci\u00f3n superior para formar en especialidades laborales acreditadas por su calidad, pertinencia y alto grado de competitividad acordes a las necesidades laborales de la zona de frontera y las potencialidades socioecon\u00f3micas de desarrollo regional y nacional.[\/vc_column_text][\/vc_column][\/vc_row][vc_row][vc_column][vc_tta_tabs][vc_tta_section title=\u00bbFILOSOF\u00cdA Y PRINCIPIOS\u00bb tab_id=\u00bb1553201553661-4cb8a9a4-11b5&#8243;][vc_column_text]<\/p>\n<h3 class=\"thim-text-title\">Filosof\u00eda y Principios Institucionales<\/h3>\n<p>La Educaci\u00f3n que se imparte en la Instituci\u00f3n debe propugnar por una formaci\u00f3n cient\u00edfica que\u00a0 permita al estudiante retomar los adelantos de la civilizaci\u00f3n para adquirir las competencias que requiere hoy el desarrollo de la \u00e9poca del conocimiento. Se dispondr\u00e1 mediante la utilizaci\u00f3n de los medios inform\u00e1ticos y mediante convenios institucionales del acceso a la formaci\u00f3n tecnol\u00f3gica de los estudiantes para habilitarlos en el manejo de herramientas que faciliten el conocimiento universal. La formaci\u00f3n en valores cristianos seguir\u00e1 siendo un pilar fundamental en el proceso formativo de los estudiantes, evidenciados en un comportamiento social integral, ejemplo de dignidad y decoro.<\/p>\n<p>Son la base fundamental para la formaci\u00f3n integral de los j\u00f3venes y adultos que estudian en la instituci\u00f3n:<\/p>\n<p>1. Principio de Democracia: En la Instituci\u00f3n se hace pr\u00e1ctica mediante la integraci\u00f3n, participaci\u00f3n de toda la Comunidad Educativa valorando y apreciando la opini\u00f3n del otro en un ambiente de interculturalidad, tolerancia y solidaridad.<\/p>\n<p>2. Principio de Identidad: Son las caracter\u00edsticas propias de la Comunidad Educativa que la diferencian de las dem\u00e1s comunidades, en su metodolog\u00eda, curr\u00edculo, actitudes, cualidades y vivencias, actividades, singularidad y autonom\u00eda.<\/p>\n<p>3. Principio Investigativo: La Comunidad Educativa descubre, analiza y diagnostica lo que encuentra en sus entorno mediante el acto investigativo para mejorar, construir, aprender.<\/p>\n<p>4. Principio de Dimensi\u00f3n L\u00fadica: En la Instituci\u00f3n se propician relaciones alegres, afectivas, humanas que facilitan la creatividad, el compromiso y el humor dentro del proceso educativo , se fomentan las buenas relaciones, armon\u00eda, confianza en si mismo y autoestima mediante la pr\u00e1ctica de la dimensi\u00f3n l\u00fadica y recreativa.<\/p>\n<p>5.Principio de Lealtad: Uno de los principios de la formaci\u00f3n integral que se vive en la Instituci\u00f3n es fomentar la lealtad mediante la pr\u00e1ctica de los principios \u00e9ticos de la persona.<\/p>\n<p>6. Principio de Libertad: Se vive y se trabaja a nivel de Instituciones permitiendo a cada uno de los miembros de la comunidad, libre opini\u00f3n y respeto en sus ideas<\/p>\n<p>7. Principio de Identidad: Son las caracter\u00edsticas propias de la Comunidad Educativa que la diferencian de las dem\u00e1s comunidades, en su metodolog\u00eda, curr\u00edculo, actitudes, cualidades y vivencias, actividades, singularidad y autonom\u00eda.<\/p>\n<p>8. Principio Investigativo: La Comunidad Educativa descubre, analiza y diagnostica lo que encuentra en sus entorno mediante el acto investigativo para mejorar, construir, aprender.<\/p>\n<p>9. Principio de Dimensi\u00f3n L\u00fadica: En la Instituci\u00f3n se propician relaciones alegres, afectivas, humanas que facilitan la creatividad, el compromiso y el humor dentro del proceso educativo , se fomentan las buenas relaciones, armon\u00eda, confianza en si mismo y autoestima mediante la pr\u00e1ctica de la dimensi\u00f3n l\u00fadica y recreativa.<\/p>\n<p>10. Principio de Lealtad: Uno de los principios de la formaci\u00f3n integral que se vive en la Instituci\u00f3n es fomentar la lealtad mediante la pr\u00e1ctica de los principios \u00e9ticos de la persona.<\/p>\n<p>11. Principio de Libertad: Se vive y se trabaja a nivel de Instituciones permitiendo a cada uno de los miembros de la comunidad, libre opini\u00f3n y respeto en sus ideas.<\/p>\n<p>12. Principio de Calidad: La Instituci\u00f3n Educativa se propone la prestaci\u00f3n de un servicio de calidad que implica satisfacer las necesidades educativas de nuestros estudiantes adoptando un modelo plenamente probado y que sirva como base para la certificaci\u00f3n.<\/p>\n<p>13. Principio de Integralidad: La Instituci\u00f3n pretende que al ni\u00f1o o al joven se le forme teniendo en cuenta las potencialidades para proyectarse en las diferentes dimensiones del quehacer humano.<\/p>\n<p>14. Principio de Participaci\u00f3n: Que la Comunidad Educativa en general forme parte de los procesos de la Instituci\u00f3n.<\/p>\n<p>15. Principio de Corresponsabilidad: La familia, los establecimientos educativos, la sociedad y el Estado son corresponsables de la formaci\u00f3n ciudadana, la promoci\u00f3n de la convivencia escolar, la educaci\u00f3n para el ejercicio de los derechos humanos, sexuales y reproductivos de los ni\u00f1os, ni\u00f1as y adolescentes desde sus respectivos \u00e1mbitos de acci\u00f3n, en torno a los objetivos del Sistema Nacional de Convivencia y de conformidad con lo consagrado en el art\u00edculo 44 de la Constituci\u00f3n Pol\u00edtica y el C\u00f3digo de Infancia y la Adolescencia.[\/vc_column_text][\/vc_tta_section][vc_tta_section title=\u00bbENFOQUE PEDAG\u00d3GICO\u00bb tab_id=\u00bb1553203450656-a52e943b-1e54&#8243;][vc_column_text]<\/p>\n<h3 class=\"thim-text-title\">Enfoque Pedag\u00f3gico<\/h3>\n<p>La Instituci\u00f3n Educativa Colegio Club de Leones es una instituci\u00f3n de car\u00e1cter oficial, que enmarca su quehacer pedag\u00f3gico dentro de los planteamientos del Aprendizaje Significativo de David Ausubel, ajustado a los siete principios del aprendizaje dial\u00f3gico: dialogo igualitario, inteligencia cultural, transformaci\u00f3n, dimensi\u00f3n instrumental, creaci\u00f3n de sentido, solidaridad, igualdad de las diferencias; definido a partir de estudios de experiencias significativas que la Universidad de Barcelona ha revisado de manera extensiva y cuyos principios son fundamento de los est\u00e1ndares de la neuropedagog\u00eda moderna, se asume, as\u00ed mismo, con esfuerzos aut\u00e9nticos por ofrecer una educaci\u00f3n de calidad, basada en el desarrollo y fortalecimiento de competencias b\u00e1sicas, laborales y ciudadanas que permita a nuestro egresado participar en el mejoramiento continuo y efectivo de su entorno, convirti\u00e9ndose as\u00ed en agente transformador de su comunidad.[\/vc_column_text][\/vc_tta_section][vc_tta_section title=\u00bbPOL\u00cdTICA Y OBJETIVOS DE CALIDAD\u00bb tab_id=\u00bb1553202116208-8d028f78-28a5&#8243;][vc_column_text css=\u00bb\u00bb]<\/p>\n<h3 class=\"thim-text-title\">Pol\u00edtica de Calidad<\/h3>\n<p>La Instituci\u00f3n Educativa Colegio Club de Leones se compromete a proporcionar un servicio educativo de alta calidad, garantizando la formaci\u00f3n integral de los estudiantes a trav\u00e9s de un enfoque humanista y cient\u00edfico. Nos enfocamos en desarrollar competencias acad\u00e9micas, ciudadanas y laborales mediante m\u00e9todos de investigaci\u00f3n, uso adecuado de tecnolog\u00eda y promoci\u00f3n de valores \u00e9ticos. Trabajamos bajo el modelo de calidad ISO-9001-2008, asegurando la mejora continua y la satisfacci\u00f3n de las necesidades educativas de nuestra comunidad.<\/p>\n<h3 class=\"thim-text-title\">Objetivos de Calidad<\/h3>\n<ul class=\"thim-list-content\">\n<li><strong>Mejora Continua<\/strong>: Implementar y mantener un sistema de gesti\u00f3n de calidad que garantice la mejora continua en todos los procesos educativos.<\/li>\n<li><strong>Desarrollo de Competencias<\/strong>: Fomentar el desarrollo de competencias cient\u00edficas, tecnol\u00f3gicas y laborales en nuestros estudiantes, prepar\u00e1ndolos para enfrentar los desaf\u00edos de su entorno.<\/li>\n<li><strong>Satisfacci\u00f3n de la Comunidad<\/strong>: Asegurar la satisfacci\u00f3n de estudiantes, padres de familia y dem\u00e1s miembros de la comunidad educativa mediante un servicio educativo pertinente y de alta calidad.<\/li>\n<li><strong>Alianzas Estrat\u00e9gicas<\/strong>: Establecer y mantener alianzas con entidades t\u00e9cnicas, tecnol\u00f3gicas y de educaci\u00f3n superior para enriquecer la oferta educativa y asegurar la pertinencia y competitividad de nuestros programas.<\/li>\n<li><strong>Valores \u00c9ticos y Humanos<\/strong>: Promover valores \u00e9ticos y humanistas en la formaci\u00f3n integral de nuestros estudiantes, prepar\u00e1ndolos para ser ciudadanos responsables y comprometidos con su comunidad.<\/li>\n<\/ul>\n<p>[\/vc_column_text][\/vc_tta_section][vc_tta_section title=\u00bbOBJETIVOS Y VALORES\u00bb tab_id=\u00bb1553201553639-a4a157b2-0618&#8243;][vc_column_text css=\u00bb\u00bb]<\/p>\n<h3 class=\"thim-text-title\">Valores Institucionales<\/h3>\n<p>Como ejes articuladores los siguientes valores:<\/p>\n<ul class=\"thim-list-content\">\n<li><strong>Respeto<\/strong>: Fomentar la consideraci\u00f3n y valoraci\u00f3n de los derechos y opiniones de todos los miembros de la comunidad educativa<\/li>\n<li><strong>Responsabilidad<\/strong>: Promover el cumplimiento de deberes y compromisos acad\u00e9micos y personales.<\/li>\n<li><strong>Solidaridad<\/strong>: Incentivar la cooperaci\u00f3n y el apoyo mutuo entre estudiantes, profesores y familias.<\/li>\n<li><strong>Honestidad<\/strong>: Desarrollar la integridad y la transparencia en todas las acciones y relaciones.<\/li>\n<li><strong>Tolerancia<\/strong>: Valorar y respetar las diferencias culturales, religiosas y de pensamiento.<\/li>\n<li><strong>Compromiso<\/strong>: Dedicar esfuerzos para el logro de objetivos acad\u00e9micos y personales.<\/li>\n<\/ul>\n<p>[\/vc_column_text][\/vc_tta_section][\/vc_tta_tabs][\/vc_column][\/vc_row]<\/p>\n<\/div>","protected":false},"excerpt":{"rendered":"<p>[vc_row][vc_column][\/vc_column][\/vc_row][vc_row css=\u00bb.vc_custom_1559531433775{margin-bottom: 15px !important;}\u00bb][vc_column width=\u00bb5\/12&#8243; css=\u00bb.vc_custom_1553219212365{margin-bottom: 30px !important;}\u00bb][vc_column_text css=\u00bb\u00bb] Misi Sekolah Club de Leones adalah lembaga pendidikan negeri yang menyediakan pendidikan berkualitas dan tanpa diskriminasi kepada anak-anak dan remaja di tingkat prasekolah, sekolah dasar, sekolah menengah, dan teknik. Tujuannya adalah &hellip; <\/p>\n","protected":false},"author":1,"featured_media":0,"parent":0,"menu_order":0,"comment_status":"closed","ping_status":"closed","template":"","meta":{"footnotes":""},"class_list":["post-11502","page","type-page","status-publish","hentry"],"_links":{"self":[{"href":"https:\/\/ieclubdeleones.edu.co\/web\/wp-json\/wp\/v2\/pages\/11502","targetHints":{"allow":["GET"]}}],"collection":[{"href":"https:\/\/ieclubdeleones.edu.co\/web\/wp-json\/wp\/v2\/pages"}],"about":[{"href":"https:\/\/ieclubdeleones.edu.co\/web\/wp-json\/wp\/v2\/types\/page"}],"author":[{"embeddable":true,"href":"https:\/\/ieclubdeleones.edu.co\/web\/wp-json\/wp\/v2\/users\/1"}],"replies":[{"embeddable":true,"href":"https:\/\/ieclubdeleones.edu.co\/web\/wp-json\/wp\/v2\/comments?post=11502"}],"version-history":[{"count":12,"href":"https:\/\/ieclubdeleones.edu.co\/web\/wp-json\/wp\/v2\/pages\/11502\/revisions"}],"predecessor-version":[{"id":12809,"href":"https:\/\/ieclubdeleones.edu.co\/web\/wp-json\/wp\/v2\/pages\/11502\/revisions\/12809"}],"wp:attachment":[{"href":"https:\/\/ieclubdeleones.edu.co\/web\/wp-json\/wp\/v2\/media?parent=11502"}],"curies":[{"name":"wp","href":"https:\/\/api.w.org\/{rel}","templated":true}]}}